{"id":8,"date":"2020-07-08T10:23:51","date_gmt":"2020-07-08T10:23:51","guid":{"rendered":"http:\/\/www.urologoburgos.com\/?page_id=8"},"modified":"2020-08-12T17:28:29","modified_gmt":"2020-08-12T17:28:29","slug":"contacto","status":"publish","type":"page","link":"http:\/\/www.urologoburgos.com\/index.php\/contacto\/","title":{"rendered":"Contacto"},"content":{"rendered":"\n<p><strong>Dr. Emilio Gut\u00ederrez M\u00ednguez <\/strong><\/p>\n\n\n\n<p><strong>Avda. Reyes Cat\u00f3licos,4 &#8211; 5\u00baB<\/strong><\/p>\n\n\n\n<p><strong>09004-Burgos<\/strong><\/p>\n\n\n\n<p><strong>Telf: 947 274 906<\/strong> <strong> &#8211; 656322555<\/strong><\/p>\n\n\n\n<p><\/p>\n\n\n\n<p>gutierrezminguez@gmail.com<\/p>\n\n\n\n<p><\/p>\n","protected":false},"excerpt":{"rendered":"<p>Dr. Emilio Gut\u00ederrez M\u00ednguez Avda. Reyes Cat\u00f3licos,4 &#8211; 5\u00baB 09004-Burgos Telf: 947 274 906 &#8211; 656322555 gutierrezminguez@gmail.com<\/p>\n","protected":false},"author":1,"featured_media":0,"parent":0,"menu_order":0,"comment_status":"closed","ping_status":"closed","template":"","meta":{"_monsterinsights_skip_tracking":false,"_monsterinsights_sitenote_active":false,"_monsterinsights_sitenote_note":"","_monsterinsights_sitenote_category":0,"footnotes":""},"class_list":["post-8","page","type-page","status-publish","hentry"],"yoast_head":"<!-- This site is optimized with the Yoast SEO plugin v21.6 - https:\/\/yoast.com\/wordpress\/plugins\/seo\/ -->\n<title>Contacto - Doctor Guti\u00e9rrez Minguez<\/title>\n<meta name=\"robots\" content=\"index, follow, max-snippet:-1, max-image-preview:large, max-video-preview:-1\" \/>\n<link rel=\"canonical\" href=\"http:\/\/www.urologoburgos.com\/index.php\/contacto\/\" class=\"yoast-seo-meta-tag\" \/>\n<meta property=\"og:locale\" content=\"es_ES\" class=\"yoast-seo-meta-tag\" \/>\n<meta property=\"og:type\" content=\"article\" class=\"yoast-seo-meta-tag\" \/>\n<meta property=\"og:title\" content=\"Contacto - Doctor Guti\u00e9rrez Minguez\" class=\"yoast-seo-meta-tag\" \/>\n<meta property=\"og:description\" content=\"Dr. Emilio Gut\u00ederrez M\u00ednguez Avda. Reyes Cat\u00f3licos,4 &#8211; 5\u00baB 09004-Burgos Telf: 947 274 906 &#8211; 656322555 gutierrezminguez@gmail.com\" class=\"yoast-seo-meta-tag\" \/>\n<meta property=\"og:url\" content=\"http:\/\/www.urologoburgos.com\/index.php\/contacto\/\" class=\"yoast-seo-meta-tag\" \/>\n<meta property=\"og:site_name\" content=\"Doctor Guti\u00e9rrez Minguez\" class=\"yoast-seo-meta-tag\" \/>\n<meta property=\"article:modified_time\" content=\"2020-08-12T17:28:29+00:00\" class=\"yoast-seo-meta-tag\" \/>\n<meta name=\"twitter:card\" content=\"summary_large_image\" class=\"yoast-seo-meta-tag\" \/>\n<script type=\"application\/ld+json\" class=\"yoast-schema-graph\">{\"@context\":\"https:\/\/schema.org\",\"@graph\":[{\"@type\":\"WebPage\",\"@id\":\"http:\/\/www.urologoburgos.com\/index.php\/contacto\/\",\"url\":\"http:\/\/www.urologoburgos.com\/index.php\/contacto\/\",\"name\":\"Contacto - Doctor Guti\u00e9rrez Minguez\",\"isPartOf\":{\"@id\":\"http:\/\/www.urologoburgos.com\/#website\"},\"datePublished\":\"2020-07-08T10:23:51+00:00\",\"dateModified\":\"2020-08-12T17:28:29+00:00\",\"breadcrumb\":{\"@id\":\"http:\/\/www.urologoburgos.com\/index.php\/contacto\/#breadcrumb\"},\"inLanguage\":\"es\",\"potentialAction\":[{\"@type\":\"ReadAction\",\"target\":[\"http:\/\/www.urologoburgos.com\/index.php\/contacto\/\"]}]},{\"@type\":\"BreadcrumbList\",\"@id\":\"http:\/\/www.urologoburgos.com\/index.php\/contacto\/#breadcrumb\",\"itemListElement\":[{\"@type\":\"ListItem\",\"position\":1,\"name\":\"Portada\",\"item\":\"http:\/\/www.urologoburgos.com\/\"},{\"@type\":\"ListItem\",\"position\":2,\"name\":\"Contacto\"}]},{\"@type\":\"WebSite\",\"@id\":\"http:\/\/www.urologoburgos.com\/#website\",\"url\":\"http:\/\/www.urologoburgos.com\/\",\"name\":\"urologoburgos\",\"description\":\"CENTRO UROL\u00d3GICO\",\"potentialAction\":[{\"@type\":\"SearchAction\",\"target\":{\"@type\":\"EntryPoint\",\"urlTemplate\":\"http:\/\/www.urologoburgos.com\/?s={search_term_string}\"},\"query-input\":\"required name=search_term_string\"}],\"inLanguage\":\"es\"}]}<\/script>\n<!-- \/ Yoast SEO plugin. -->","yoast_head_json":{"title":"Contacto - Doctor Guti\u00e9rrez Minguez","robots":{"index":"index","follow":"follow","max-snippet":"max-snippet:-1","max-image-preview":"max-image-preview:large","max-video-preview":"max-video-preview:-1"},"canonical":"http:\/\/www.urologoburgos.com\/index.php\/contacto\/","og_locale":"es_ES","og_type":"article","og_title":"Contacto - Doctor Guti\u00e9rrez Minguez","og_description":"Dr. Emilio Gut\u00ederrez M\u00ednguez Avda. Reyes Cat\u00f3licos,4 &#8211; 5\u00baB 09004-Burgos Telf: 947 274 906 &#8211; 656322555 gutierrezminguez@gmail.com","og_url":"http:\/\/www.urologoburgos.com\/index.php\/contacto\/","og_site_name":"Doctor Guti\u00e9rrez Minguez","article_modified_time":"2020-08-12T17:28:29+00:00","twitter_card":"summary_large_image","schema":{"@context":"https:\/\/schema.org","@graph":[{"@type":"WebPage","@id":"http:\/\/www.urologoburgos.com\/index.php\/contacto\/","url":"http:\/\/www.urologoburgos.com\/index.php\/contacto\/","name":"Contacto - Doctor Guti\u00e9rrez Minguez","isPartOf":{"@id":"http:\/\/www.urologoburgos.com\/#website"},"datePublished":"2020-07-08T10:23:51+00:00","dateModified":"2020-08-12T17:28:29+00:00","breadcrumb":{"@id":"http:\/\/www.urologoburgos.com\/index.php\/contacto\/#breadcrumb"},"inLanguage":"es","potentialAction":[{"@type":"ReadAction","target":["http:\/\/www.urologoburgos.com\/index.php\/contacto\/"]}]},{"@type":"BreadcrumbList","@id":"http:\/\/www.urologoburgos.com\/index.php\/contacto\/#breadcrumb","itemListElement":[{"@type":"ListItem","position":1,"name":"Portada","item":"http:\/\/www.urologoburgos.com\/"},{"@type":"ListItem","position":2,"name":"Contacto"}]},{"@type":"WebSite","@id":"http:\/\/www.urologoburgos.com\/#website","url":"http:\/\/www.urologoburgos.com\/","name":"urologoburgos","description":"CENTRO UROL\u00d3GICO","potentialAction":[{"@type":"SearchAction","target":{"@type":"EntryPoint","urlTemplate":"http:\/\/www.urologoburgos.com\/?s={search_term_string}"},"query-input":"required name=search_term_string"}],"inLanguage":"es"}]}},"_links":{"self":[{"href":"http:\/\/www.urologoburgos.com\/index.php\/wp-json\/wp\/v2\/pages\/8","targetHints":{"allow":["GET"]}}],"collection":[{"href":"http:\/\/www.urologoburgos.com\/index.php\/wp-json\/wp\/v2\/pages"}],"about":[{"href":"http:\/\/www.urologoburgos.com\/index.php\/wp-json\/wp\/v2\/types\/page"}],"author":[{"embeddable":true,"href":"http:\/\/www.urologoburgos.com\/index.php\/wp-json\/wp\/v2\/users\/1"}],"replies":[{"embeddable":true,"href":"http:\/\/www.urologoburgos.com\/index.php\/wp-json\/wp\/v2\/comments?post=8"}],"version-history":[{"count":6,"href":"http:\/\/www.urologoburgos.com\/index.php\/wp-json\/wp\/v2\/pages\/8\/revisions"}],"predecessor-version":[{"id":114,"href":"http:\/\/www.urologoburgos.com\/index.php\/wp-json\/wp\/v2\/pages\/8\/revisions\/114"}],"wp:attachment":[{"href":"http:\/\/www.urologoburgos.com\/index.php\/wp-json\/wp\/v2\/media?parent=8"}],"curies":[{"name":"wp","href":"https:\/\/api.w.org\/{rel}","templated":true}]}}